{"id":74,"date":"2025-12-03T10:31:52","date_gmt":"2025-12-03T09:31:52","guid":{"rendered":"https:\/\/api.de\/lexware\/?page_id=74"},"modified":"2025-12-16T17:00:18","modified_gmt":"2025-12-16T16:00:18","slug":"e-rechnung","status":"publish","type":"page","link":"https:\/\/api.de\/lexware\/index.php\/e-rechnung\/","title":{"rendered":"E-Rechnung"},"content":{"rendered":"\t\t<div data-elementor-type=\"wp-page\" data-elementor-id=\"74\" class=\"elementor elementor-74\" data-elementor-post-type=\"page\">\n\t\t\t\t<div class=\"elementor-element elementor-element-6f16d81 e-con-full e-flex e-con e-parent\" data-id=\"6f16d81\" data-element_type=\"container\" data-e-type=\"container\">\n\t\t\t\t<div class=\"elementor-element elementor-element-1bee16e elementor-widget elementor-widget-image\" data-id=\"1bee16e\" data-element_type=\"widget\" data-e-type=\"widget\" data-widget_type=\"image.default\">\n\t\t\t\t\t\t\t\t\t\t\t\t\t\t\t<img fetchpriority=\"high\" decoding=\"async\" width=\"1920\" height=\"542\" src=\"https:\/\/api.de\/lexware\/wp-content\/uploads\/2025\/12\/E-Rechnung_1920_542.jpg\" class=\"attachment-full size-full wp-image-29\" alt=\"\" srcset=\"https:\/\/api.de\/lexware\/wp-content\/uploads\/2025\/12\/E-Rechnung_1920_542.jpg 1920w, https:\/\/api.de\/lexware\/wp-content\/uploads\/2025\/12\/E-Rechnung_1920_542-300x85.jpg 300w, https:\/\/api.de\/lexware\/wp-content\/uploads\/2025\/12\/E-Rechnung_1920_542-1024x289.jpg 1024w, https:\/\/api.de\/lexware\/wp-content\/uploads\/2025\/12\/E-Rechnung_1920_542-768x217.jpg 768w, https:\/\/api.de\/lexware\/wp-content\/uploads\/2025\/12\/E-Rechnung_1920_542-1536x434.jpg 1536w\" sizes=\"(max-width: 1920px) 100vw, 1920px\" \/>\t\t\t\t\t\t\t\t\t\t\t\t\t\t\t<\/div>\n\t\t\t\t<\/div>\n\t\t<div class=\"elementor-element elementor-element-4ad89ea e-flex e-con-boxed e-con e-parent\" data-id=\"4ad89ea\" data-element_type=\"container\" data-e-type=\"container\">\n\t\t\t\t\t<div class=\"e-con-inner\">\n\t\t\t\t<div class=\"elementor-element elementor-element-f973aa8 elementor-widget elementor-widget-spacer\" data-id=\"f973aa8\" data-element_type=\"widget\" data-e-type=\"widget\" data-widget_type=\"spacer.default\">\n\t\t\t\t\t\t\t<div class=\"elementor-spacer\">\n\t\t\t<div class=\"elementor-spacer-inner\"><\/div>\n\t\t<\/div>\n\t\t\t\t\t\t<\/div>\n\t\t\t\t\t<\/div>\n\t\t\t\t<\/div>\n\t\t<div class=\"elementor-element elementor-element-d3e9f5b e-flex e-con-boxed e-con e-parent\" data-id=\"d3e9f5b\" data-element_type=\"container\" data-e-type=\"container\">\n\t\t\t\t\t<div class=\"e-con-inner\">\n\t\t\t\t<div class=\"elementor-element elementor-element-318cf54 elementor-headline--style-highlight elementor-widget elementor-widget-animated-headline\" data-id=\"318cf54\" data-element_type=\"widget\" data-e-type=\"widget\" data-settings=\"{&quot;marker&quot;:&quot;curly&quot;,&quot;highlighted_text&quot;:&quot;E-Rechnung&quot;,&quot;headline_style&quot;:&quot;highlight&quot;,&quot;loop&quot;:&quot;yes&quot;,&quot;highlight_animation_duration&quot;:1200,&quot;highlight_iteration_delay&quot;:8000}\" data-widget_type=\"animated-headline.default\">\n\t\t\t\t\t\t\t<h3 class=\"elementor-headline\">\n\t\t\t\t\t<span class=\"elementor-headline-plain-text elementor-headline-text-wrapper\">Mit Lexware fit f\u00fcr die <\/span>\n\t\t\t\t<span class=\"elementor-headline-dynamic-wrapper elementor-headline-text-wrapper\">\n\t\t\t\t\t<span class=\"elementor-headline-dynamic-text elementor-headline-text-active\">E-Rechnung<\/span>\n\t\t\t\t<\/span>\n\t\t\t\t<\/h3>\n\t\t\t\t\t\t<\/div>\n\t\t\t\t\t<\/div>\n\t\t\t\t<\/div>\n\t\t<div class=\"elementor-element elementor-element-945b4ce e-flex e-con-boxed e-con e-parent\" data-id=\"945b4ce\" data-element_type=\"container\" data-e-type=\"container\">\n\t\t\t\t\t<div class=\"e-con-inner\">\n\t\t\t\t<div class=\"elementor-element elementor-element-caa454c elementor-widget elementor-widget-spacer\" data-id=\"caa454c\" data-element_type=\"widget\" data-e-type=\"widget\" data-widget_type=\"spacer.default\">\n\t\t\t\t\t\t\t<div class=\"elementor-spacer\">\n\t\t\t<div class=\"elementor-spacer-inner\"><\/div>\n\t\t<\/div>\n\t\t\t\t\t\t<\/div>\n\t\t\t\t\t<\/div>\n\t\t\t\t<\/div>\n\t\t<div class=\"elementor-element elementor-element-955ebba e-flex e-con-boxed e-con e-parent\" data-id=\"955ebba\" data-element_type=\"container\" data-e-type=\"container\">\n\t\t\t\t\t<div class=\"e-con-inner\">\n\t\t<div class=\"elementor-element elementor-element-e6ccfc2 e-con-full e-flex e-con e-child\" data-id=\"e6ccfc2\" data-element_type=\"container\" data-e-type=\"container\">\n\t\t\t\t<div class=\"elementor-element elementor-element-43d6810 elementor-widget elementor-widget-image\" data-id=\"43d6810\" data-element_type=\"widget\" data-e-type=\"widget\" data-widget_type=\"image.default\">\n\t\t\t\t\t\t\t\t\t\t\t\t\t\t\t<img decoding=\"async\" width=\"1024\" height=\"958\" src=\"https:\/\/api.de\/lexware\/wp-content\/uploads\/2025\/12\/2025-11-21-12_28_34-Einstellungen-1024x958.png\" class=\"attachment-large size-large wp-image-30\" alt=\"\" srcset=\"https:\/\/api.de\/lexware\/wp-content\/uploads\/2025\/12\/2025-11-21-12_28_34-Einstellungen-1024x958.png 1024w, https:\/\/api.de\/lexware\/wp-content\/uploads\/2025\/12\/2025-11-21-12_28_34-Einstellungen-300x281.png 300w, https:\/\/api.de\/lexware\/wp-content\/uploads\/2025\/12\/2025-11-21-12_28_34-Einstellungen-768x718.png 768w, https:\/\/api.de\/lexware\/wp-content\/uploads\/2025\/12\/2025-11-21-12_28_34-Einstellungen.png 1263w\" sizes=\"(max-width: 1024px) 100vw, 1024px\" \/>\t\t\t\t\t\t\t\t\t\t\t\t\t\t\t<\/div>\n\t\t\t\t<\/div>\n\t\t<div class=\"elementor-element elementor-element-f3a3390 e-con-full e-flex e-con e-child\" data-id=\"f3a3390\" data-element_type=\"container\" data-e-type=\"container\">\n\t\t\t\t<div class=\"elementor-element elementor-element-03a0a59 elementor-widget elementor-widget-heading\" data-id=\"03a0a59\" data-element_type=\"widget\" data-e-type=\"widget\" data-widget_type=\"heading.default\">\n\t\t\t\t\t<h2 class=\"elementor-heading-title elementor-size-default\">Die Elektronische Rechnung ist Pflicht<\/h2>\t\t\t\t<\/div>\n\t\t\t\t<div class=\"elementor-element elementor-element-0c815e4 elementor-widget elementor-widget-text-editor\" data-id=\"0c815e4\" data-element_type=\"widget\" data-e-type=\"widget\" data-widget_type=\"text-editor.default\">\n\t\t\t\t\t\t\t\t\t<p>Unternehmen sind seit dem 1. Januar 2025 verpflichtet, im B2B-Bereich elektronische Rechnungen auszustellen. Die gesetzliche Grundlage daf\u00fcr ist mit dem Wachstumschancengesetz geschaffen. Bis zum 1. Januar 2028 gibt es unter bestimmten Voraussetzungen \u00dcbergangsfristen.<\/p><p>Die gute Nachricht vorweg: Die Einf\u00fchrung der E-Rechnung ist einfacher als man denkt. Lexware bietet Ihnen und Ihren Kund:innen bereits heute einfache L\u00f6sungen, um E-Rechnungen direkt aus der Software zu versenden.<\/p>\t\t\t\t\t\t\t\t<\/div>\n\t\t\t\t<\/div>\n\t\t\t\t\t<\/div>\n\t\t\t\t<\/div>\n\t\t<div class=\"elementor-element elementor-element-bfe5f20 e-flex e-con-boxed e-con e-parent\" data-id=\"bfe5f20\" data-element_type=\"container\" data-e-type=\"container\">\n\t\t\t\t\t<div class=\"e-con-inner\">\n\t\t\t\t<div class=\"elementor-element elementor-element-a39dd7e elementor-widget elementor-widget-spacer\" data-id=\"a39dd7e\" data-element_type=\"widget\" data-e-type=\"widget\" data-widget_type=\"spacer.default\">\n\t\t\t\t\t\t\t<div class=\"elementor-spacer\">\n\t\t\t<div class=\"elementor-spacer-inner\"><\/div>\n\t\t<\/div>\n\t\t\t\t\t\t<\/div>\n\t\t\t\t\t<\/div>\n\t\t\t\t<\/div>\n\t\t<div class=\"elementor-element elementor-element-37d082b e-flex e-con-boxed e-con e-parent\" data-id=\"37d082b\" data-element_type=\"container\" data-e-type=\"container\">\n\t\t\t\t\t<div class=\"e-con-inner\">\n\t\t<div class=\"elementor-element elementor-element-feb351b e-con-full e-flex e-con e-child\" data-id=\"feb351b\" data-element_type=\"container\" data-e-type=\"container\">\n\t\t\t\t<div class=\"elementor-element elementor-element-5585869 elementor-widget elementor-widget-text-editor\" data-id=\"5585869\" data-element_type=\"widget\" data-e-type=\"widget\" data-widget_type=\"text-editor.default\">\n\t\t\t\t\t\t\t\t\t<p>Ihnen stehen dazu entweder die Cloud-L\u00f6sung Lexware Office oder Desktop-Programme zur Verf\u00fcgung. So k\u00f6nnen Sie beispielsweise mit Lexware financial office E-Rechnungen erstellen, versenden, empfangen und verarbeiten.<\/p><p>Weitere Lexware-L\u00f6sungen erm\u00f6glichen Ihnen je nach Einsatzgebiet entweder die Erstellung und den Versand oder den Empfang und die Verarbeitung von elektronischen Rechnungen.<\/p>\t\t\t\t\t\t\t\t<\/div>\n\t\t\t\t<div class=\"elementor-element elementor-element-395714f elementor-widget elementor-widget-button\" data-id=\"395714f\" data-element_type=\"widget\" data-e-type=\"widget\" data-widget_type=\"button.default\">\n\t\t\t\t\t\t\t\t\t\t<a class=\"elementor-button elementor-button-link elementor-size-sm\" href=\"https:\/\/api.de\/lexware\/index.php\/produkte\/\" target=\"_blank\">\n\t\t\t\t\t\t<span class=\"elementor-button-content-wrapper\">\n\t\t\t\t\t\t\t\t\t<span class=\"elementor-button-text\">Entdecken Sie die Lexware-L\u00f6sungen zur E-Rechnung<\/span>\n\t\t\t\t\t<\/span>\n\t\t\t\t\t<\/a>\n\t\t\t\t\t\t\t\t<\/div>\n\t\t\t\t<\/div>\n\t\t<div class=\"elementor-element elementor-element-7c1b0bc e-con-full e-flex e-con e-child\" data-id=\"7c1b0bc\" data-element_type=\"container\" data-e-type=\"container\">\n\t\t\t\t<div class=\"elementor-element elementor-element-a86ddb9 elementor-widget elementor-widget-image\" data-id=\"a86ddb9\" data-element_type=\"widget\" data-e-type=\"widget\" data-widget_type=\"image.default\">\n\t\t\t\t\t\t\t\t\t\t\t\t\t\t\t<img decoding=\"async\" width=\"1000\" height=\"1000\" src=\"https:\/\/api.de\/lexware\/wp-content\/uploads\/2025\/12\/e-rechnung_signet_sprechblase_redesign.png\" class=\"attachment-large size-large wp-image-31\" alt=\"\" srcset=\"https:\/\/api.de\/lexware\/wp-content\/uploads\/2025\/12\/e-rechnung_signet_sprechblase_redesign.png 1000w, https:\/\/api.de\/lexware\/wp-content\/uploads\/2025\/12\/e-rechnung_signet_sprechblase_redesign-300x300.png 300w, https:\/\/api.de\/lexware\/wp-content\/uploads\/2025\/12\/e-rechnung_signet_sprechblase_redesign-150x150.png 150w, https:\/\/api.de\/lexware\/wp-content\/uploads\/2025\/12\/e-rechnung_signet_sprechblase_redesign-768x768.png 768w\" sizes=\"(max-width: 1000px) 100vw, 1000px\" \/>\t\t\t\t\t\t\t\t\t\t\t\t\t\t\t<\/div>\n\t\t\t\t<\/div>\n\t\t\t\t\t<\/div>\n\t\t\t\t<\/div>\n\t\t<div class=\"elementor-element elementor-element-c70d939 e-flex e-con-boxed e-con e-parent\" data-id=\"c70d939\" data-element_type=\"container\" data-e-type=\"container\">\n\t\t\t\t\t<div class=\"e-con-inner\">\n\t\t\t\t<div class=\"elementor-element elementor-element-2b19dc3 elementor-widget elementor-widget-spacer\" data-id=\"2b19dc3\" data-element_type=\"widget\" data-e-type=\"widget\" data-widget_type=\"spacer.default\">\n\t\t\t\t\t\t\t<div class=\"elementor-spacer\">\n\t\t\t<div class=\"elementor-spacer-inner\"><\/div>\n\t\t<\/div>\n\t\t\t\t\t\t<\/div>\n\t\t\t\t\t<\/div>\n\t\t\t\t<\/div>\n\t\t<div class=\"elementor-element elementor-element-374c0d4 e-flex e-con-boxed e-con e-parent\" data-id=\"374c0d4\" data-element_type=\"container\" data-e-type=\"container\">\n\t\t\t\t\t<div class=\"e-con-inner\">\n\t\t\t\t<div class=\"elementor-element elementor-element-a292281 elementor-widget elementor-widget-heading\" data-id=\"a292281\" data-element_type=\"widget\" data-e-type=\"widget\" data-widget_type=\"heading.default\">\n\t\t\t\t\t<h2 class=\"elementor-heading-title elementor-size-default\">Lexware-L\u00f6sungen zur E-Rechnung im \u00dcberblick<\/h2>\t\t\t\t<\/div>\n\t\t\t\t\t<\/div>\n\t\t\t\t<\/div>\n\t\t<div class=\"elementor-element elementor-element-0bdc326 e-flex e-con-boxed e-con e-parent\" data-id=\"0bdc326\" data-element_type=\"container\" data-e-type=\"container\">\n\t\t\t\t\t<div class=\"e-con-inner\">\n\t\t\t\t<div class=\"elementor-element elementor-element-9c55014 elementor-widget elementor-widget-image\" data-id=\"9c55014\" data-element_type=\"widget\" data-e-type=\"widget\" data-widget_type=\"image.default\">\n\t\t\t\t\t\t\t\t\t\t\t\t\t\t\t<img loading=\"lazy\" decoding=\"async\" width=\"1024\" height=\"1007\" src=\"https:\/\/api.de\/lexware\/wp-content\/uploads\/2025\/12\/Lexware_Tabelle_E_R_LO-e1764240256785-1024x1007.jpg\" class=\"attachment-large size-large wp-image-32\" alt=\"\" srcset=\"https:\/\/api.de\/lexware\/wp-content\/uploads\/2025\/12\/Lexware_Tabelle_E_R_LO-e1764240256785-1024x1007.jpg 1024w, https:\/\/api.de\/lexware\/wp-content\/uploads\/2025\/12\/Lexware_Tabelle_E_R_LO-e1764240256785-300x295.jpg 300w, https:\/\/api.de\/lexware\/wp-content\/uploads\/2025\/12\/Lexware_Tabelle_E_R_LO-e1764240256785-768x755.jpg 768w, https:\/\/api.de\/lexware\/wp-content\/uploads\/2025\/12\/Lexware_Tabelle_E_R_LO-e1764240256785.jpg 1200w\" sizes=\"(max-width: 1024px) 100vw, 1024px\" \/>\t\t\t\t\t\t\t\t\t\t\t\t\t\t\t<\/div>\n\t\t\t\t\t<\/div>\n\t\t\t\t<\/div>\n\t\t<div class=\"elementor-element elementor-element-75a76ef e-flex e-con-boxed e-con e-parent\" data-id=\"75a76ef\" data-element_type=\"container\" data-e-type=\"container\">\n\t\t\t\t\t<div class=\"e-con-inner\">\n\t\t\t\t<div class=\"elementor-element elementor-element-cddb090 elementor-align-center elementor-widget elementor-widget-button\" data-id=\"cddb090\" data-element_type=\"widget\" data-e-type=\"widget\" data-widget_type=\"button.default\">\n\t\t\t\t\t\t\t\t\t\t<a class=\"elementor-button elementor-button-link elementor-size-sm\" href=\"https:\/\/www.api.de\/lexware\/wp-content\/uploads\/2025\/11\/Lexware_Tabelle_E_R_neu.pdf\" target=\"_blank\">\n\t\t\t\t\t\t<span class=\"elementor-button-content-wrapper\">\n\t\t\t\t\t\t\t\t\t<span class=\"elementor-button-text\">Herunterladen<\/span>\n\t\t\t\t\t<\/span>\n\t\t\t\t\t<\/a>\n\t\t\t\t\t\t\t\t<\/div>\n\t\t\t\t\t<\/div>\n\t\t\t\t<\/div>\n\t\t<div class=\"elementor-element elementor-element-525e352 e-flex e-con-boxed e-con e-parent\" data-id=\"525e352\" data-element_type=\"container\" data-e-type=\"container\">\n\t\t\t\t\t<div class=\"e-con-inner\">\n\t\t\t\t<div class=\"elementor-element elementor-element-9508fa8 elementor-widget elementor-widget-spacer\" data-id=\"9508fa8\" data-element_type=\"widget\" data-e-type=\"widget\" data-widget_type=\"spacer.default\">\n\t\t\t\t\t\t\t<div class=\"elementor-spacer\">\n\t\t\t<div class=\"elementor-spacer-inner\"><\/div>\n\t\t<\/div>\n\t\t\t\t\t\t<\/div>\n\t\t\t\t\t<\/div>\n\t\t\t\t<\/div>\n\t\t<div class=\"elementor-element elementor-element-1d20c59 e-flex e-con-boxed e-con e-parent\" data-id=\"1d20c59\" data-element_type=\"container\" data-e-type=\"container\">\n\t\t\t\t\t<div class=\"e-con-inner\">\n\t\t\t\t<div class=\"elementor-element elementor-element-46d3a6f elementor-widget elementor-widget-heading\" data-id=\"46d3a6f\" data-element_type=\"widget\" data-e-type=\"widget\" data-widget_type=\"heading.default\">\n\t\t\t\t\t<h2 class=\"elementor-heading-title elementor-size-default\">Entdecken Sie alle relevanten Themen rund um die E-Rechnung.<\/h2>\t\t\t\t<\/div>\n\t\t\t\t\t<\/div>\n\t\t\t\t<\/div>\n\t\t<div class=\"elementor-element elementor-element-f755320 e-flex e-con-boxed e-con e-parent\" data-id=\"f755320\" data-element_type=\"container\" data-e-type=\"container\">\n\t\t\t\t\t<div class=\"e-con-inner\">\n\t\t\t\t<div class=\"elementor-element elementor-element-55ce029 elementor-widget elementor-widget-spacer\" data-id=\"55ce029\" data-element_type=\"widget\" data-e-type=\"widget\" data-widget_type=\"spacer.default\">\n\t\t\t\t\t\t\t<div class=\"elementor-spacer\">\n\t\t\t<div class=\"elementor-spacer-inner\"><\/div>\n\t\t<\/div>\n\t\t\t\t\t\t<\/div>\n\t\t\t\t\t<\/div>\n\t\t\t\t<\/div>\n\t\t<div class=\"elementor-element elementor-element-34c7d3d e-flex e-con-boxed e-con e-parent\" data-id=\"34c7d3d\" data-element_type=\"container\" data-e-type=\"container\">\n\t\t\t\t\t<div class=\"e-con-inner\">\n\t\t<div class=\"elementor-element elementor-element-d4765b5 e-con-full e-flex e-con e-child\" data-id=\"d4765b5\" data-element_type=\"container\" data-e-type=\"container\">\n\t\t\t\t<div class=\"elementor-element elementor-element-8dc8338 elementor-widget elementor-widget-image\" data-id=\"8dc8338\" data-element_type=\"widget\" data-e-type=\"widget\" data-widget_type=\"image.default\">\n\t\t\t\t\t\t\t\t\t\t\t\t\t\t\t\t<a href=\"https:\/\/www.lexware.de\/e-rechnung\/\">\n\t\t\t\t\t\t\t<img loading=\"lazy\" decoding=\"async\" width=\"1024\" height=\"571\" src=\"https:\/\/api.de\/lexware\/wp-content\/uploads\/2025\/12\/2025-11-21-12_26_05--1024x571.png\" class=\"attachment-large size-large wp-image-33\" alt=\"\" srcset=\"https:\/\/api.de\/lexware\/wp-content\/uploads\/2025\/12\/2025-11-21-12_26_05--1024x571.png 1024w, https:\/\/api.de\/lexware\/wp-content\/uploads\/2025\/12\/2025-11-21-12_26_05--300x167.png 300w, https:\/\/api.de\/lexware\/wp-content\/uploads\/2025\/12\/2025-11-21-12_26_05--768x428.png 768w, https:\/\/api.de\/lexware\/wp-content\/uploads\/2025\/12\/2025-11-21-12_26_05--1536x856.png 1536w, https:\/\/api.de\/lexware\/wp-content\/uploads\/2025\/12\/2025-11-21-12_26_05--2048x1141.png 2048w\" sizes=\"(max-width: 1024px) 100vw, 1024px\" \/>\t\t\t\t\t\t\t\t<\/a>\n\t\t\t\t\t\t\t\t\t\t\t\t\t\t\t<\/div>\n\t\t\t\t<div class=\"elementor-element elementor-element-669a15b elementor-align-center elementor-widget elementor-widget-button\" data-id=\"669a15b\" data-element_type=\"widget\" data-e-type=\"widget\" data-widget_type=\"button.default\">\n\t\t\t\t\t\t\t\t\t\t<a class=\"elementor-button elementor-button-link elementor-size-sm\" href=\"https:\/\/www.lexware.de\/e-rechnung\/\" target=\"_blank\">\n\t\t\t\t\t\t<span class=\"elementor-button-content-wrapper\">\n\t\t\t\t\t\t\t\t\t<span class=\"elementor-button-text\">Zur Themenseite E-Rechnungen<\/span>\n\t\t\t\t\t<\/span>\n\t\t\t\t\t<\/a>\n\t\t\t\t\t\t\t\t<\/div>\n\t\t\t\t<\/div>\n\t\t<div class=\"elementor-element elementor-element-5655f96 e-con-full e-flex e-con e-child\" data-id=\"5655f96\" data-element_type=\"container\" data-e-type=\"container\">\n\t\t\t\t<div class=\"elementor-element elementor-element-2513c93 elementor-widget elementor-widget-video\" data-id=\"2513c93\" data-element_type=\"widget\" data-e-type=\"widget\" data-settings=\"{&quot;youtube_url&quot;:&quot;https:\\\/\\\/www.youtube.com\\\/watch?v=djVe6eBkHgY&amp;t=19s&quot;,&quot;video_type&quot;:&quot;youtube&quot;,&quot;controls&quot;:&quot;yes&quot;}\" data-widget_type=\"video.default\">\n\t\t\t\t\t\t\t<div class=\"elementor-wrapper elementor-open-inline\">\n\t\t\t<div class=\"elementor-video\"><\/div>\t\t<\/div>\n\t\t\t\t\t\t<\/div>\n\t\t\t\t<div class=\"elementor-element elementor-element-baaa57c elementor-align-center elementor-widget elementor-widget-button\" data-id=\"baaa57c\" data-element_type=\"widget\" data-e-type=\"widget\" data-widget_type=\"button.default\">\n\t\t\t\t\t\t\t\t\t\t<a class=\"elementor-button elementor-button-link elementor-size-sm\" href=\"https:\/\/www.youtube.com\/watch?v=djVe6eBkHgY&#038;t=19s\" target=\"_blank\">\n\t\t\t\t\t\t<span class=\"elementor-button-content-wrapper\">\n\t\t\t\t\t\t\t\t\t<span class=\"elementor-button-text\">E-Rechnungen einfach erstellen und versende<\/span>\n\t\t\t\t\t<\/span>\n\t\t\t\t\t<\/a>\n\t\t\t\t\t\t\t\t<\/div>\n\t\t\t\t<\/div>\n\t\t<div class=\"elementor-element elementor-element-1aacceb e-con-full e-flex e-con e-child\" data-id=\"1aacceb\" data-element_type=\"container\" data-e-type=\"container\">\n\t\t\t\t<div class=\"elementor-element elementor-element-6d069ba elementor-widget elementor-widget-image\" data-id=\"6d069ba\" data-element_type=\"widget\" data-e-type=\"widget\" data-widget_type=\"image.default\">\n\t\t\t\t\t\t\t\t\t\t\t\t\t\t\t\t<a href=\"https:\/\/www.lexware.de\/tools\/ebook-e-rechnung\/\" target=\"_blank\">\n\t\t\t\t\t\t\t<img loading=\"lazy\" decoding=\"async\" width=\"1024\" height=\"649\" src=\"https:\/\/api.de\/lexware\/wp-content\/uploads\/2025\/12\/E-book-seite-e1764246604409-1024x649.png\" class=\"attachment-large size-large wp-image-35\" alt=\"\" srcset=\"https:\/\/api.de\/lexware\/wp-content\/uploads\/2025\/12\/E-book-seite-e1764246604409-1024x649.png 1024w, https:\/\/api.de\/lexware\/wp-content\/uploads\/2025\/12\/E-book-seite-e1764246604409-300x190.png 300w, https:\/\/api.de\/lexware\/wp-content\/uploads\/2025\/12\/E-book-seite-e1764246604409-768x486.png 768w, https:\/\/api.de\/lexware\/wp-content\/uploads\/2025\/12\/E-book-seite-e1764246604409-1536x973.png 1536w, https:\/\/api.de\/lexware\/wp-content\/uploads\/2025\/12\/E-book-seite-e1764246604409-2048x1297.png 2048w\" sizes=\"(max-width: 1024px) 100vw, 1024px\" \/>\t\t\t\t\t\t\t\t<\/a>\n\t\t\t\t\t\t\t\t\t\t\t\t\t\t\t<\/div>\n\t\t\t\t<div class=\"elementor-element elementor-element-3c23555 elementor-align-center elementor-widget elementor-widget-button\" data-id=\"3c23555\" data-element_type=\"widget\" data-e-type=\"widget\" data-widget_type=\"button.default\">\n\t\t\t\t\t\t\t\t\t\t<a class=\"elementor-button elementor-button-link elementor-size-sm\" href=\"https:\/\/www.lexware.de\/tools\/ebook-e-rechnung\/\" target=\"_blank\">\n\t\t\t\t\t\t<span class=\"elementor-button-content-wrapper\">\n\t\t\t\t\t\t\t\t\t<span class=\"elementor-button-text\">E-Book gratis downloaden<\/span>\n\t\t\t\t\t<\/span>\n\t\t\t\t\t<\/a>\n\t\t\t\t\t\t\t\t<\/div>\n\t\t\t\t<\/div>\n\t\t\t\t\t<\/div>\n\t\t\t\t<\/div>\n\t\t<div class=\"elementor-element elementor-element-683fb95 e-flex e-con-boxed e-con e-parent\" data-id=\"683fb95\" data-element_type=\"container\" data-e-type=\"container\">\n\t\t\t\t\t<div class=\"e-con-inner\">\n\t\t\t\t<div class=\"elementor-element elementor-element-7d18046 elementor-widget elementor-widget-spacer\" data-id=\"7d18046\" data-element_type=\"widget\" data-e-type=\"widget\" data-widget_type=\"spacer.default\">\n\t\t\t\t\t\t\t<div class=\"elementor-spacer\">\n\t\t\t<div class=\"elementor-spacer-inner\"><\/div>\n\t\t<\/div>\n\t\t\t\t\t\t<\/div>\n\t\t\t\t\t<\/div>\n\t\t\t\t<\/div>\n\t\t\t\t<\/div>\n\t\t","protected":false},"excerpt":{"rendered":"<p>Mit Lexware fit f\u00fcr die E-Rechnung Die Elektronische Rechnung ist Pflicht Unternehmen sind seit dem 1. Januar 2025 verpflichtet, im [&hellip;]<\/p>\n","protected":false},"author":2,"featured_media":0,"parent":0,"menu_order":0,"comment_status":"closed","ping_status":"closed","template":"","meta":{"site-sidebar-layout":"no-sidebar","site-content-layout":"","ast-site-content-layout":"full-width-container","site-content-style":"default","site-sidebar-style":"default","ast-global-header-display":"","ast-banner-title-visibility":"","ast-main-header-display":"","ast-hfb-above-header-display":"","ast-hfb-below-header-display":"","ast-hfb-mobile-header-display":"","site-post-title":"disabled","ast-breadcrumbs-content":"","ast-featured-img":"disabled","footer-sml-layout":"","ast-disable-related-posts":"","theme-transparent-header-meta":"","adv-header-id-meta":"","stick-header-meta":"","header-above-stick-meta":"","header-main-stick-meta":"","header-below-stick-meta":"","astra-migrate-meta-layouts":"default","ast-page-background-enabled":"default","ast-page-background-meta":{"desktop":{"background-color":"var(--ast-global-color-5)","background-image":"","background-repeat":"repeat","background-position":"center center","background-size":"auto","background-attachment":"scroll","background-type":"","background-media":"","overlay-type":"","overlay-color":"","overlay-opacity":"","overlay-gradient":""},"tablet":{"background-color":"","background-image":"","background-repeat":"repeat","background-position":"center center","background-size":"auto","background-attachment":"scroll","background-type":"","background-media":"","overlay-type":"","overlay-color":"","overlay-opacity":"","overlay-gradient":""},"mobile":{"background-color":"","background-image":"","background-repeat":"repeat","background-position":"center center","background-size":"auto","background-attachment":"scroll","background-type":"","background-media":"","overlay-type":"","overlay-color":"","overlay-opacity":"","overlay-gradient":""}},"ast-content-background-meta":{"desktop":{"background-color":"var(--ast-global-color-4)","background-image":"","background-repeat":"repeat","background-position":"center center","background-size":"auto","background-attachment":"scroll","background-type":"","background-media":"","overlay-type":"","overlay-color":"","overlay-opacity":"","overlay-gradient":""},"tablet":{"background-color":"var(--ast-global-color-4)","background-image":"","background-repeat":"repeat","background-position":"center center","background-size":"auto","background-attachment":"scroll","background-type":"","background-media":"","overlay-type":"","overlay-color":"","overlay-opacity":"","overlay-gradient":""},"mobile":{"background-color":"var(--ast-global-color-4)","background-image":"","background-repeat":"repeat","background-position":"center center","background-size":"auto","background-attachment":"scroll","background-type":"","background-media":"","overlay-type":"","overlay-color":"","overlay-opacity":"","overlay-gradient":""}},"footnotes":""},"class_list":["post-74","page","type-page","status-publish","hentry"],"_links":{"self":[{"href":"https:\/\/api.de\/lexware\/index.php\/wp-json\/wp\/v2\/pages\/74","targetHints":{"allow":["GET"]}}],"collection":[{"href":"https:\/\/api.de\/lexware\/index.php\/wp-json\/wp\/v2\/pages"}],"about":[{"href":"https:\/\/api.de\/lexware\/index.php\/wp-json\/wp\/v2\/types\/page"}],"author":[{"embeddable":true,"href":"https:\/\/api.de\/lexware\/index.php\/wp-json\/wp\/v2\/users\/2"}],"replies":[{"embeddable":true,"href":"https:\/\/api.de\/lexware\/index.php\/wp-json\/wp\/v2\/comments?post=74"}],"version-history":[{"count":25,"href":"https:\/\/api.de\/lexware\/index.php\/wp-json\/wp\/v2\/pages\/74\/revisions"}],"predecessor-version":[{"id":467,"href":"https:\/\/api.de\/lexware\/index.php\/wp-json\/wp\/v2\/pages\/74\/revisions\/467"}],"wp:attachment":[{"href":"https:\/\/api.de\/lexware\/index.php\/wp-json\/wp\/v2\/media?parent=74"}],"curies":[{"name":"wp","href":"https:\/\/api.w.org\/{rel}","templated":true}]}}